{"id":206,"date":"2023-11-27T15:26:37","date_gmt":"2023-11-27T14:26:37","guid":{"rendered":"https:\/\/restaurant-auberge-de-la-gare.fr\/?page_id=206"},"modified":"2026-04-02T15:34:39","modified_gmt":"2026-04-02T13:34:39","slug":"carte-du-soir","status":"publish","type":"page","link":"https:\/\/restaurant-auberge-de-la-gare.fr\/?page_id=206","title":{"rendered":"Carte du Soir"},"content":{"rendered":"<p>[et_pb_section fb_built=\u00a0\u00bb1&Prime; _builder_version=\u00a0\u00bb4.22.1&Prime; _module_preset=\u00a0\u00bbdefault\u00a0\u00bb custom_padding=\u00a0\u00bb38px|||||\u00a0\u00bb global_colors_info=\u00a0\u00bb{}\u00a0\u00bb][et_pb_row _builder_version=\u00a0\u00bb4.22.1&Prime; _module_preset=\u00a0\u00bbdefault\u00a0\u00bb width=\u00a0\u00bb92%\u00a0\u00bb hover_enabled=\u00a0\u00bb0&Prime; global_colors_info=\u00a0\u00bb{}\u00a0\u00bb sticky_enabled=\u00a0\u00bb0&Prime;][et_pb_column type=\u00a0\u00bb4_4&Prime; _builder_version=\u00a0\u00bb4.22.1&Prime; _module_preset=\u00a0\u00bbdefault\u00a0\u00bb global_colors_info=\u00a0\u00bb{}\u00a0\u00bb][et_pb_text _builder_version=\u00a0\u00bb4.22.1&Prime; _module_preset=\u00a0\u00bbdefault\u00a0\u00bb text_font_size=\u00a0\u00bb18px\u00a0\u00bb header_font=\u00a0\u00bbRouge Script||||||||\u00a0\u00bb header_text_align=\u00a0\u00bbcenter\u00a0\u00bb header_text_color=\u00a0\u00bb#000000&Prime; header_font_size=\u00a0\u00bb57px\u00a0\u00bb custom_margin=\u00a0\u00bb-33px||-4px|||\u00a0\u00bb custom_padding=\u00a0\u00bb11px||13px|||\u00a0\u00bb global_colors_info=\u00a0\u00bb{}\u00a0\u00bb]<\/p>\n<h1>Carte du Soir<\/h1>\n<p>[\/et_pb_text][et_pb_text _builder_version=\u00a0\u00bb4.22.1&Prime; _module_preset=\u00a0\u00bbdefault\u00a0\u00bb text_font=\u00a0\u00bbAbhaya Libre|700|||||||\u00a0\u00bb text_text_color=\u00a0\u00bb#000000&Prime; text_font_size=\u00a0\u00bb20px\u00a0\u00bb header_font=\u00a0\u00bbDancing Script||||||||\u00a0\u00bb header_text_align=\u00a0\u00bbcenter\u00a0\u00bb header_text_color=\u00a0\u00bb#E02B20&Prime; header_font_size=\u00a0\u00bb49px\u00a0\u00bb header_2_font=\u00a0\u00bbAveria Serif Libre||||||||\u00a0\u00bb header_2_text_align=\u00a0\u00bbcenter\u00a0\u00bb header_2_text_color=\u00a0\u00bb#000000&Prime; header_2_font_size=\u00a0\u00bb30px\u00a0\u00bb custom_margin=\u00a0\u00bb||29px|||\u00a0\u00bb global_colors_info=\u00a0\u00bb{}\u00a0\u00bb]<\/p>\n<p style=\"text-align: center;\">Carte susceptible de changer<\/p>\n<p>[\/et_pb_text][et_pb_text _builder_version=\u00a0\u00bb4.22.1&Prime; _module_preset=\u00a0\u00bbdefault\u00a0\u00bb text_font=\u00a0\u00bbRouge Script|700|||||||\u00a0\u00bb text_text_color=\u00a0\u00bb#000000&Prime; text_font_size=\u00a0\u00bb34px\u00a0\u00bb text_line_height=\u00a0\u00bb1.3em\u00a0\u00bb header_font=\u00a0\u00bbDancing Script||||||||\u00a0\u00bb header_text_align=\u00a0\u00bbcenter\u00a0\u00bb header_text_color=\u00a0\u00bb#E02B20&Prime; header_font_size=\u00a0\u00bb49px\u00a0\u00bb header_2_font=\u00a0\u00bbAveria Serif Libre||||||||\u00a0\u00bb header_2_text_align=\u00a0\u00bbcenter\u00a0\u00bb header_2_text_color=\u00a0\u00bb#000000&Prime; header_2_font_size=\u00a0\u00bb30px\u00a0\u00bb custom_margin=\u00a0\u00bb||63px|||\u00a0\u00bb animation_style=\u00a0\u00bbslide\u00a0\u00bb border_width_all=\u00a0\u00bb2px\u00a0\u00bb global_colors_info=\u00a0\u00bb{}\u00a0\u00bb]<\/p>\n<p style=\"text-align: center;\">Entr\u00e9e + Plat : 30,00\u20ac<\/p>\n<p style=\"text-align: center;\">\u00a0Plat + Dessert : 30,00\u20ac<\/p>\n<p style=\"text-align: center;\">Entr\u00e9e + Plat + Dessert : 38,00\u20ac<\/p>\n<p>[\/et_pb_text][et_pb_text _builder_version=\u00a0\u00bb4.22.1&Prime; _module_preset=\u00a0\u00bbdefault\u00a0\u00bb text_text_color=\u00a0\u00bb#000000&Prime; text_font_size=\u00a0\u00bb24px\u00a0\u00bb header_font=\u00a0\u00bbDancing Script||||||||\u00a0\u00bb header_text_align=\u00a0\u00bbcenter\u00a0\u00bb header_text_color=\u00a0\u00bb#E02B20&Prime; header_font_size=\u00a0\u00bb49px\u00a0\u00bb header_2_font=\u00a0\u00bbRouge Script||||||||\u00a0\u00bb header_2_text_align=\u00a0\u00bbcenter\u00a0\u00bb header_2_text_color=\u00a0\u00bb#000000&Prime; header_2_font_size=\u00a0\u00bb41px\u00a0\u00bb custom_margin=\u00a0\u00bb||29px|||\u00a0\u00bb animation_style=\u00a0\u00bbfade\u00a0\u00bb global_colors_info=\u00a0\u00bb{}\u00a0\u00bb]<\/p>\n<h2 style=\"text-align: center;\">Entr\u00e9es<\/h2>\n<p>[\/et_pb_text][dsm_pricelist separator_weight=\u00a0\u00bb0px\u00a0\u00bb _builder_version=\u00a0\u00bb4.22.1&Prime; _module_preset=\u00a0\u00bbdefault\u00a0\u00bb header_font=\u00a0\u00bbAbhaya Libre||||||||\u00a0\u00bb header_text_color=\u00a0\u00bb#000000&Prime; header_font_size=\u00a0\u00bb22px\u00a0\u00bb price_font=\u00a0\u00bbAbhaya Libre||||||||\u00a0\u00bb price_text_color=\u00a0\u00bb#000000&Prime; price_font_size=\u00a0\u00bb20px\u00a0\u00bb animation_style=\u00a0\u00bbfade\u00a0\u00bb global_colors_info=\u00a0\u00bb{}\u00a0\u00bb][dsm_pricelist_child price=\u00a0\u00bb  \u00a0\u00bb title=\u00a0\u00bbOeuf parfait, bisque de crevettes au curry\u00a0\u00bb _builder_version=\u00a0\u00bb4.22.1&Prime; _module_preset=\u00a0\u00bbdefault\u00a0\u00bb global_colors_info=\u00a0\u00bb{}\u00a0\u00bb][\/dsm_pricelist_child][dsm_pricelist_child price=\u00a0\u00bb  \u00a0\u00bb title=\u00a0\u00bb\u0152ufs mimosa, mayonnaise au basilic\u00a0\u00bb _builder_version=\u00a0\u00bb4.22.1&Prime; _module_preset=\u00a0\u00bbdefault\u00a0\u00bb global_colors_info=\u00a0\u00bb{}\u00a0\u00bb][\/dsm_pricelist_child][dsm_pricelist_child price=\u00a0\u00bb  \u00a0\u00bb title=\u00a0\u00bbTrilogie de Champignons\u00a0\u00bb _builder_version=\u00a0\u00bb4.22.1&Prime; _module_preset=\u00a0\u00bbdefault\u00a0\u00bb global_colors_info=\u00a0\u00bb{}\u00a0\u00bb][\/dsm_pricelist_child][\/dsm_pricelist][et_pb_divider color=\u00a0\u00bb#000000&Prime; divider_weight=\u00a0\u00bb2px\u00a0\u00bb _builder_version=\u00a0\u00bb4.22.1&Prime; _module_preset=\u00a0\u00bbdefault\u00a0\u00bb width=\u00a0\u00bb60%\u00a0\u00bb module_alignment=\u00a0\u00bbcenter\u00a0\u00bb custom_margin=\u00a0\u00bb||5px|||\u00a0\u00bb animation_style=\u00a0\u00bbslide\u00a0\u00bb animation_direction=\u00a0\u00bbleft\u00a0\u00bb global_colors_info=\u00a0\u00bb{}\u00a0\u00bb][\/et_pb_divider][et_pb_text _builder_version=\u00a0\u00bb4.22.1&Prime; _module_preset=\u00a0\u00bbdefault\u00a0\u00bb text_text_color=\u00a0\u00bb#000000&Prime; text_font_size=\u00a0\u00bb24px\u00a0\u00bb header_font=\u00a0\u00bbDancing Script||||||||\u00a0\u00bb header_text_align=\u00a0\u00bbcenter\u00a0\u00bb header_text_color=\u00a0\u00bb#E02B20&Prime; header_font_size=\u00a0\u00bb49px\u00a0\u00bb header_2_font=\u00a0\u00bbRouge Script||||||||\u00a0\u00bb header_2_text_align=\u00a0\u00bbcenter\u00a0\u00bb header_2_text_color=\u00a0\u00bb#000000&Prime; header_2_font_size=\u00a0\u00bb41px\u00a0\u00bb custom_margin=\u00a0\u00bb||29px|||\u00a0\u00bb animation_style=\u00a0\u00bbfade\u00a0\u00bb global_colors_info=\u00a0\u00bb{}\u00a0\u00bb]<\/p>\n<h2 style=\"text-align: center;\">Plats<\/h2>\n<p>[\/et_pb_text][dsm_pricelist separator_weight=\u00a0\u00bb0px\u00a0\u00bb _builder_version=\u00a0\u00bb4.22.1&Prime; _module_preset=\u00a0\u00bbdefault\u00a0\u00bb header_font=\u00a0\u00bbAbhaya Libre||||||||\u00a0\u00bb header_text_color=\u00a0\u00bb#000000&Prime; header_font_size=\u00a0\u00bb22px\u00a0\u00bb price_font=\u00a0\u00bbAbhaya Libre||||||||\u00a0\u00bb price_text_color=\u00a0\u00bb#000000&Prime; price_font_size=\u00a0\u00bb20px\u00a0\u00bb animation_style=\u00a0\u00bbfade\u00a0\u00bb global_colors_info=\u00a0\u00bb{}\u00a0\u00bb][dsm_pricelist_child price=\u00a0\u00bb  \u00a0\u00bb title=\u00a0\u00bbWok de l\u00e9gumes aux crevettes\u00a0\u00bb _builder_version=\u00a0\u00bb4.22.1&Prime; _module_preset=\u00a0\u00bbdefault\u00a0\u00bb global_colors_info=\u00a0\u00bb{}\u00a0\u00bb][\/dsm_pricelist_child][dsm_pricelist_child price=\u00a0\u00bb  \u00a0\u00bb title=\u00a0\u00bbTentacule de poulpes, cr\u00e8me soubressade \u00a0\u00bb _builder_version=\u00a0\u00bb4.22.1&Prime; _module_preset=\u00a0\u00bbdefault\u00a0\u00bb global_colors_info=\u00a0\u00bb{}\u00a0\u00bb][\/dsm_pricelist_child][dsm_pricelist_child title=\u00a0\u00bbPav\u00e9 de B\u0153uf, sauce truff\u00e9e et gratin de pommes de terres\u00a0\u00bb _builder_version=\u00a0\u00bb4.22.1&Prime; _module_preset=\u00a0\u00bbdefault\u00a0\u00bb global_colors_info=\u00a0\u00bb{}\u00a0\u00bb][\/dsm_pricelist_child][dsm_pricelist_child price=\u00a0\u00bb  \u00a0\u00bb title=\u00a0\u00bbCuisse de canard confite, Pommes Sarladaises\u00a0\u00bb _builder_version=\u00a0\u00bb4.22.1&Prime; _module_preset=\u00a0\u00bbdefault\u00a0\u00bb global_colors_info=\u00a0\u00bb{}\u00a0\u00bb][\/dsm_pricelist_child][\/dsm_pricelist][et_pb_divider color=\u00a0\u00bb#000000&Prime; divider_weight=\u00a0\u00bb2px\u00a0\u00bb _builder_version=\u00a0\u00bb4.22.1&Prime; _module_preset=\u00a0\u00bbdefault\u00a0\u00bb width=\u00a0\u00bb60%\u00a0\u00bb module_alignment=\u00a0\u00bbcenter\u00a0\u00bb custom_margin=\u00a0\u00bb||5px|||\u00a0\u00bb animation_style=\u00a0\u00bbslide\u00a0\u00bb animation_direction=\u00a0\u00bbright\u00a0\u00bb global_colors_info=\u00a0\u00bb{}\u00a0\u00bb][\/et_pb_divider][et_pb_text _builder_version=\u00a0\u00bb4.22.1&Prime; _module_preset=\u00a0\u00bbdefault\u00a0\u00bb text_text_color=\u00a0\u00bb#000000&Prime; text_font_size=\u00a0\u00bb24px\u00a0\u00bb header_font=\u00a0\u00bbDancing Script||||||||\u00a0\u00bb header_text_align=\u00a0\u00bbcenter\u00a0\u00bb header_text_color=\u00a0\u00bb#E02B20&Prime; header_font_size=\u00a0\u00bb49px\u00a0\u00bb header_2_font=\u00a0\u00bbRouge Script||||||||\u00a0\u00bb header_2_text_align=\u00a0\u00bbcenter\u00a0\u00bb header_2_text_color=\u00a0\u00bb#000000&Prime; header_2_font_size=\u00a0\u00bb41px\u00a0\u00bb custom_margin=\u00a0\u00bb||29px|||\u00a0\u00bb animation_style=\u00a0\u00bbfade\u00a0\u00bb global_colors_info=\u00a0\u00bb{}\u00a0\u00bb]<\/p>\n<h2 style=\"text-align: center;\">Desserts<\/h2>\n<p>[\/et_pb_text][dsm_pricelist separator_weight=\u00a0\u00bb0px\u00a0\u00bb _builder_version=\u00a0\u00bb4.22.1&Prime; _module_preset=\u00a0\u00bbdefault\u00a0\u00bb header_font=\u00a0\u00bbAbhaya Libre||||||||\u00a0\u00bb header_text_color=\u00a0\u00bb#000000&Prime; header_font_size=\u00a0\u00bb22px\u00a0\u00bb price_font=\u00a0\u00bbAbhaya Libre||||||||\u00a0\u00bb price_text_color=\u00a0\u00bb#000000&Prime; price_font_size=\u00a0\u00bb20px\u00a0\u00bb animation_style=\u00a0\u00bbfade\u00a0\u00bb global_colors_info=\u00a0\u00bb{}\u00a0\u00bb][dsm_pricelist_child price=\u00a0\u00bb \u00a0\u00bb title=\u00a0\u00bbMoelleux au chocolat\u00a0\u00bb _builder_version=\u00a0\u00bb4.22.1&Prime; _module_preset=\u00a0\u00bbdefault\u00a0\u00bb global_colors_info=\u00a0\u00bb{}\u00a0\u00bb][\/dsm_pricelist_child][dsm_pricelist_child price=\u00a0\u00bb \u00a0\u00bb title=\u00a0\u00bbProfiteroles pistaches et sauce chocolat\u00a0\u00bb _builder_version=\u00a0\u00bb4.22.1&Prime; _module_preset=\u00a0\u00bbdefault\u00a0\u00bb global_colors_info=\u00a0\u00bb{}\u00a0\u00bb][\/dsm_pricelist_child][dsm_pricelist_child price=\u00a0\u00bb \u00a0\u00bb title=\u00a0\u00bbPalet Breton, glace vanille et cr\u00e8me au caramel beurre sal\u00e9 \u00a0\u00bb _builder_version=\u00a0\u00bb4.22.1&Prime; _module_preset=\u00a0\u00bbdefault\u00a0\u00bb global_colors_info=\u00a0\u00bb{}\u00a0\u00bb][\/dsm_pricelist_child][\/dsm_pricelist][\/et_pb_column][\/et_pb_row][\/et_pb_section]<\/p>\n","protected":false},"excerpt":{"rendered":"<p>Carte du SoirCarte susceptible de changerEntr\u00e9e + Plat : 30,00\u20ac \u00a0Plat + Dessert : 30,00\u20ac Entr\u00e9e + Plat + Dessert : 38,00\u20acEntr\u00e9es<div class=\"et_pb_module dsm_pricelist dsm_pricelist_0 et_animated\">\n\t\t\t\t\n\t\t\t\t\n\t\t\t\t\n\t\t\t\t\n\t\t\t\t\n\t\t\t\t\n\t\t\t\t<div class=\"et_pb_module_inner\">\n\t\t\t\t\t<div class=\"dsm_pricelist\"><div class=\"dsm_pricelist_child dsm_pricelist_child_0\">\n\t\t\t\t\n\t\t\t\t\n\t\t\t\t\n\t\t\t\t\n\t\t\t\t\n\t\t\t\t\n\t\t\t\t<div class=\"et_pb_module_inner\">\n\t\t\t\t\t\n\t\t\t\n\t\t\t\n\t\t\t<div class=\"dsm_pricelist_item_wrapper\">\n\t\t\t\t<div class=\"dsm-pricelist-header\">\n\t\t\t\t\t<div class=\"dsm-pricelist-title et_pb_module_header\">Oeuf parfait, bisque de crevettes au curry<\/div>\n\t\t\t\t\t<div class=\"dsm-pricelist-separator\"><\/div>\n\t\t\t\t\t<div class=\"dsm-pricelist-price\"> <\/div>\n\t\t\t\t<\/div>\n\t\t\t\t\n\t\t\t\t\n\t\t\t<\/div>\n\t\t\t\t<\/div>\n\t\t\t<\/div><div class=\"dsm_pricelist_child dsm_pricelist_child_1\">\n\t\t\t\t\n\t\t\t\t\n\t\t\t\t\n\t\t\t\t\n\t\t\t\t\n\t\t\t\t\n\t\t\t\t<div class=\"et_pb_module_inner\">\n\t\t\t\t\t\n\t\t\t\n\t\t\t\n\t\t\t<div class=\"dsm_pricelist_item_wrapper\">\n\t\t\t\t<div class=\"dsm-pricelist-header\">\n\t\t\t\t\t<div class=\"dsm-pricelist-title et_pb_module_header\">\u0152ufs mimosa, mayonnaise au basilic<\/div>\n\t\t\t\t\t<div class=\"dsm-pricelist-separator\"><\/div>\n\t\t\t\t\t<div class=\"dsm-pricelist-price\"> <\/div>\n\t\t\t\t<\/div>\n\t\t\t\t\n\t\t\t\t\n\t\t\t<\/div>\n\t\t\t\t<\/div>\n\t\t\t<\/div><div class=\"dsm_pricelist_child dsm_pricelist_child_2\">\n\t\t\t\t\n\t\t\t\t\n\t\t\t\t\n\t\t\t\t\n\t\t\t\t\n\t\t\t\t\n\t\t\t\t<div class=\"et_pb_module_inner\">\n\t\t\t\t\t\n\t\t\t\n\t\t\t\n\t\t\t<div class=\"dsm_pricelist_item_wrapper\">\n\t\t\t\t<div class=\"dsm-pricelist-header\">\n\t\t\t\t\t<div class=\"dsm-pricelist-title et_pb_module_header\">Trilogie de Champignons<\/div>\n\t\t\t\t\t<div class=\"dsm-pricelist-separator\"><\/div>\n\t\t\t\t\t<div class=\"dsm-pricelist-price\"> <\/div>\n\t\t\t\t<\/div>\n\t\t\t\t\n\t\t\t\t\n\t\t\t<\/div>\n\t\t\t\t<\/div>\n\t\t\t<\/div><\/div>\n\t\t\t\t<\/div>\n\t\t\t<\/div>Plats<div class=\"et_pb_module dsm_pricelist dsm_pricelist_1 et_animated\">\n\t\t\t\t\n\t\t\t\t\n\t\t\t\t\n\t\t\t\t\n\t\t\t\t\n\t\t\t\t\n\t\t\t\t<div class=\"et_pb_module_inner\">\n\t\t\t\t\t<div class=\"dsm_pricelist\"><div class=\"dsm_pricelist_child dsm_pricelist_child_3\">\n\t\t\t\t\n\t\t\t\t\n\t\t\t\t\n\t\t\t\t\n\t\t\t\t\n\t\t\t\t\n\t\t\t\t<div class=\"et_pb_module_inner\">\n\t\t\t\t\t\n\t\t\t\n\t\t\t\n\t\t\t<div class=\"dsm_pricelist_item_wrapper\">\n\t\t\t\t<div class=\"dsm-pricelist-header\">\n\t\t\t\t\t<div class=\"dsm-pricelist-title et_pb_module_header\">Wok de l\u00e9gumes aux crevettes<\/div>\n\t\t\t\t\t<div class=\"dsm-pricelist-separator\"><\/div>\n\t\t\t\t\t<div class=\"dsm-pricelist-price\"> <\/div>\n\t\t\t\t<\/div>\n\t\t\t\t\n\t\t\t\t\n\t\t\t<\/div>\n\t\t\t\t<\/div>\n\t\t\t<\/div><div class=\"dsm_pricelist_child dsm_pricelist_child_4\">\n\t\t\t\t\n\t\t\t\t\n\t\t\t\t\n\t\t\t\t\n\t\t\t\t\n\t\t\t\t\n\t\t\t\t<div class=\"et_pb_module_inner\">\n\t\t\t\t\t\n\t\t\t\n\t\t\t\n\t\t\t<div class=\"dsm_pricelist_item_wrapper\">\n\t\t\t\t<div class=\"dsm-pricelist-header\">\n\t\t\t\t\t<div class=\"dsm-pricelist-title et_pb_module_header\">Tentacule de poulpes, cr\u00e8me soubressade <\/div>\n\t\t\t\t\t<div class=\"dsm-pricelist-separator\"><\/div>\n\t\t\t\t\t<div class=\"dsm-pricelist-price\"> <\/div>\n\t\t\t\t<\/div>\n\t\t\t\t\n\t\t\t\t\n\t\t\t<\/div>\n\t\t\t\t<\/div>\n\t\t\t<\/div><div class=\"dsm_pricelist_child dsm_pricelist_child_5\">\n\t\t\t\t\n\t\t\t\t\n\t\t\t\t\n\t\t\t\t\n\t\t\t\t\n\t\t\t\t\n\t\t\t\t<div class=\"et_pb_module_inner\">\n\t\t\t\t\t\n\t\t\t\n\t\t\t\n\t\t\t<div class=\"dsm_pricelist_item_wrapper\">\n\t\t\t\t<div class=\"dsm-pricelist-header\">\n\t\t\t\t\t<div class=\"dsm-pricelist-title et_pb_module_header\">Pav\u00e9 de B\u0153uf, sauce truff\u00e9e et gratin de pommes de terres<\/div>\n\t\t\t\t\t<div class=\"dsm-pricelist-separator\"><\/div>\n\t\t\t\t\t<div class=\"dsm-pricelist-price\">$8<\/div>\n\t\t\t\t<\/div>\n\t\t\t\t\n\t\t\t\t\n\t\t\t<\/div>\n\t\t\t\t<\/div>\n\t\t\t<\/div><div class=\"dsm_pricelist_child dsm_pricelist_child_6\">\n\t\t\t\t\n\t\t\t\t\n\t\t\t\t\n\t\t\t\t\n\t\t\t\t\n\t\t\t\t\n\t\t\t\t<div class=\"et_pb_module_inner\">\n\t\t\t\t\t\n\t\t\t\n\t\t\t\n\t\t\t<div class=\"dsm_pricelist_item_wrapper\">\n\t\t\t\t<div class=\"dsm-pricelist-header\">\n\t\t\t\t\t<div class=\"dsm-pricelist-title et_pb_module_header\">Cuisse de canard confite, Pommes Sarladaises<\/div>\n\t\t\t\t\t<div class=\"dsm-pricelist-separator\"><\/div>\n\t\t\t\t\t<div class=\"dsm-pricelist-price\"> <\/div>\n\t\t\t\t<\/div>\n\t\t\t\t\n\t\t\t\t\n\t\t\t<\/div>\n\t\t\t\t<\/div>\n\t\t\t<\/div><\/div>\n\t\t\t\t<\/div>\n\t\t\t<\/div>Desserts<div class=\"et_pb_module dsm_pricelist dsm_pricelist_2 et_animated\">\n\t\t\t\t\n\t\t\t\t\n\t\t\t\t\n\t\t\t\t\n\t\t\t\t\n\t\t\t\t\n\t\t\t\t<div class=\"et_pb_module_inner\">\n\t\t\t\t\t<div class=\"dsm_pricelist\"><div class=\"dsm_pricelist_child dsm_pricelist_child_7\">\n\t\t\t\t\n\t\t\t\t\n\t\t\t\t\n\t\t\t\t\n\t\t\t\t\n\t\t\t\t\n\t\t\t\t<div class=\"et_pb_module_inner\">\n\t\t\t\t\t\n\t\t\t\n\t\t\t\n\t\t\t<div class=\"dsm_pricelist_item_wrapper\">\n\t\t\t\t<div class=\"dsm-pricelist-header\">\n\t\t\t\t\t<div class=\"dsm-pricelist-title et_pb_module_header\">Moelleux au chocolat<\/div>\n\t\t\t\t\t<div class=\"dsm-pricelist-separator\"><\/div>\n\t\t\t\t\t<div class=\"dsm-pricelist-price\"> <\/div>\n\t\t\t\t<\/div>\n\t\t\t\t\n\t\t\t\t\n\t\t\t<\/div>\n\t\t\t\t<\/div>\n\t\t\t<\/div><div class=\"dsm_pricelist_child dsm_pricelist_child_8\">\n\t\t\t\t\n\t\t\t\t\n\t\t\t\t\n\t\t\t\t\n\t\t\t\t\n\t\t\t\t\n\t\t\t\t<div class=\"et_pb_module_inner\">\n\t\t\t\t\t\n\t\t\t\n\t\t\t\n\t\t\t<div class=\"dsm_pricelist_item_wrapper\">\n\t\t\t\t<div class=\"dsm-pricelist-header\">\n\t\t\t\t\t<div class=\"dsm-pricelist-title et_pb_module_header\">Profiteroles pistaches et sauce chocolat<\/div>\n\t\t\t\t\t<div class=\"dsm-pricelist-separator\"><\/div>\n\t\t\t\t\t<div class=\"dsm-pricelist-price\"> <\/div>\n\t\t\t\t<\/div>\n\t\t\t\t\n\t\t\t\t\n\t\t\t<\/div>\n\t\t\t\t<\/div>\n\t\t\t<\/div><div class=\"dsm_pricelist_child dsm_pricelist_child_9\">\n\t\t\t\t\n\t\t\t\t\n\t\t\t\t\n\t\t\t\t\n\t\t\t\t\n\t\t\t\t\n\t\t\t\t<div class=\"et_pb_module_inner\">\n\t\t\t\t\t\n\t\t\t\n\t\t\t\n\t\t\t<div class=\"dsm_pricelist_item_wrapper\">\n\t\t\t\t<div class=\"dsm-pricelist-header\">\n\t\t\t\t\t<div class=\"dsm-pricelist-title et_pb_module_header\">Palet Breton, glace vanille et cr\u00e8me au caramel beurre sal\u00e9 <\/div>\n\t\t\t\t\t<div class=\"dsm-pricelist-separator\"><\/div>\n\t\t\t\t\t<div class=\"dsm-pricelist-price\"> <\/div>\n\t\t\t\t<\/div>\n\t\t\t\t\n\t\t\t\t\n\t\t\t<\/div>\n\t\t\t\t<\/div>\n\t\t\t<\/div><\/div>\n\t\t\t\t<\/div>\n\t\t\t<\/div><\/p>\n","protected":false},"author":1,"featured_media":0,"parent":0,"menu_order":0,"comment_status":"closed","ping_status":"closed","template":"","meta":{"_et_pb_use_builder":"on","_et_pb_old_content":"","_et_gb_content_width":"","_monsterinsights_skip_tracking":false,"_monsterinsights_sitenote_active":false,"_monsterinsights_sitenote_note":"","_monsterinsights_sitenote_category":0,"footnotes":""},"class_list":["post-206","page","type-page","status-publish","hentry"],"yoast_head":"<!-- This site is optimized with the Yoast SEO plugin v25.6 - https:\/\/yoast.com\/wordpress\/plugins\/seo\/ -->\n<title>Carte du Soir - Restaurant Auberge de la Gare<\/title>\n<meta name=\"description\" content=\"D\u00e9couvrez la carte du soir de l&#039;Auberge de la Gare \u00e0 Lambesc, une exp\u00e9rience gastronomique d&#039;exception avec notre cuisine raffin\u00e9e.\" \/>\n<meta name=\"robots\" content=\"index, follow, max-snippet:-1, max-image-preview:large, max-video-preview:-1\" \/>\n<link rel=\"canonical\" href=\"https:\/\/restaurant-auberge-de-la-gare.fr\/?page_id=206\" \/>\n<meta property=\"og:locale\" content=\"fr_FR\" \/>\n<meta property=\"og:type\" content=\"article\" \/>\n<meta property=\"og:title\" content=\"Carte du Soir - Restaurant Auberge de la Gare\" \/>\n<meta property=\"og:description\" content=\"D\u00e9couvrez la carte du soir de l&#039;Auberge de la Gare \u00e0 Lambesc, une exp\u00e9rience gastronomique d&#039;exception avec notre cuisine raffin\u00e9e.\" \/>\n<meta property=\"og:url\" content=\"https:\/\/restaurant-auberge-de-la-gare.fr\/?page_id=206\" \/>\n<meta property=\"og:site_name\" content=\"Restaurant Auberge de la Gare\" \/>\n<meta property=\"article:publisher\" content=\"https:\/\/www.facebook.com\/Mattdelagare\" \/>\n<meta property=\"article:modified_time\" content=\"2026-04-02T13:34:39+00:00\" \/>\n<meta name=\"twitter:card\" content=\"summary_large_image\" \/>\n<script type=\"application\/ld+json\" class=\"yoast-schema-graph\">{\"@context\":\"https:\/\/schema.org\",\"@graph\":[{\"@type\":\"WebPage\",\"@id\":\"https:\/\/restaurant-auberge-de-la-gare.fr\/?page_id=206\",\"url\":\"https:\/\/restaurant-auberge-de-la-gare.fr\/?page_id=206\",\"name\":\"Carte du Soir - Restaurant Auberge de la Gare\",\"isPartOf\":{\"@id\":\"https:\/\/restaurant-auberge-de-la-gare.fr\/#website\"},\"datePublished\":\"2023-11-27T14:26:37+00:00\",\"dateModified\":\"2026-04-02T13:34:39+00:00\",\"description\":\"D\u00e9couvrez la carte du soir de l'Auberge de la Gare \u00e0 Lambesc, une exp\u00e9rience gastronomique d'exception avec notre cuisine raffin\u00e9e.\",\"breadcrumb\":{\"@id\":\"https:\/\/restaurant-auberge-de-la-gare.fr\/?page_id=206#breadcrumb\"},\"inLanguage\":\"fr-FR\",\"potentialAction\":[{\"@type\":\"ReadAction\",\"target\":[\"https:\/\/restaurant-auberge-de-la-gare.fr\/?page_id=206\"]}]},{\"@type\":\"BreadcrumbList\",\"@id\":\"https:\/\/restaurant-auberge-de-la-gare.fr\/?page_id=206#breadcrumb\",\"itemListElement\":[{\"@type\":\"ListItem\",\"position\":1,\"name\":\"Accueil\",\"item\":\"https:\/\/restaurant-auberge-de-la-gare.fr\/\"},{\"@type\":\"ListItem\",\"position\":2,\"name\":\"Carte du Soir\"}]},{\"@type\":\"WebSite\",\"@id\":\"https:\/\/restaurant-auberge-de-la-gare.fr\/#website\",\"url\":\"https:\/\/restaurant-auberge-de-la-gare.fr\/\",\"name\":\"Restaurant Auberge de la Gare\",\"description\":\"Restaurant Lambesc\",\"publisher\":{\"@id\":\"https:\/\/restaurant-auberge-de-la-gare.fr\/#organization\"},\"potentialAction\":[{\"@type\":\"SearchAction\",\"target\":{\"@type\":\"EntryPoint\",\"urlTemplate\":\"https:\/\/restaurant-auberge-de-la-gare.fr\/?s={search_term_string}\"},\"query-input\":{\"@type\":\"PropertyValueSpecification\",\"valueRequired\":true,\"valueName\":\"search_term_string\"}}],\"inLanguage\":\"fr-FR\"},{\"@type\":\"Organization\",\"@id\":\"https:\/\/restaurant-auberge-de-la-gare.fr\/#organization\",\"name\":\"Restaurant Auberge de la Gare\",\"url\":\"https:\/\/restaurant-auberge-de-la-gare.fr\/\",\"logo\":{\"@type\":\"ImageObject\",\"inLanguage\":\"fr-FR\",\"@id\":\"https:\/\/restaurant-auberge-de-la-gare.fr\/#\/schema\/logo\/image\/\",\"url\":\"https:\/\/restaurant-auberge-de-la-gare.fr\/wp-content\/uploads\/2023\/11\/cropped-Logo-Auberge-de-la-Gare.jpg\",\"contentUrl\":\"https:\/\/restaurant-auberge-de-la-gare.fr\/wp-content\/uploads\/2023\/11\/cropped-Logo-Auberge-de-la-Gare.jpg\",\"width\":512,\"height\":512,\"caption\":\"Restaurant Auberge de la Gare\"},\"image\":{\"@id\":\"https:\/\/restaurant-auberge-de-la-gare.fr\/#\/schema\/logo\/image\/\"},\"sameAs\":[\"https:\/\/www.facebook.com\/Mattdelagare\",\"https:\/\/www.instagram.com\/restaurant_auberge_de_la_gare\/\"]}]}<\/script>\n<!-- \/ Yoast SEO plugin. -->","yoast_head_json":{"title":"Carte du Soir - Restaurant Auberge de la Gare","description":"D\u00e9couvrez la carte du soir de l'Auberge de la Gare \u00e0 Lambesc, une exp\u00e9rience gastronomique d'exception avec notre cuisine raffin\u00e9e.","robots":{"index":"index","follow":"follow","max-snippet":"max-snippet:-1","max-image-preview":"max-image-preview:large","max-video-preview":"max-video-preview:-1"},"canonical":"https:\/\/restaurant-auberge-de-la-gare.fr\/?page_id=206","og_locale":"fr_FR","og_type":"article","og_title":"Carte du Soir - Restaurant Auberge de la Gare","og_description":"D\u00e9couvrez la carte du soir de l'Auberge de la Gare \u00e0 Lambesc, une exp\u00e9rience gastronomique d'exception avec notre cuisine raffin\u00e9e.","og_url":"https:\/\/restaurant-auberge-de-la-gare.fr\/?page_id=206","og_site_name":"Restaurant Auberge de la Gare","article_publisher":"https:\/\/www.facebook.com\/Mattdelagare","article_modified_time":"2026-04-02T13:34:39+00:00","twitter_card":"summary_large_image","schema":{"@context":"https:\/\/schema.org","@graph":[{"@type":"WebPage","@id":"https:\/\/restaurant-auberge-de-la-gare.fr\/?page_id=206","url":"https:\/\/restaurant-auberge-de-la-gare.fr\/?page_id=206","name":"Carte du Soir - Restaurant Auberge de la Gare","isPartOf":{"@id":"https:\/\/restaurant-auberge-de-la-gare.fr\/#website"},"datePublished":"2023-11-27T14:26:37+00:00","dateModified":"2026-04-02T13:34:39+00:00","description":"D\u00e9couvrez la carte du soir de l'Auberge de la Gare \u00e0 Lambesc, une exp\u00e9rience gastronomique d'exception avec notre cuisine raffin\u00e9e.","breadcrumb":{"@id":"https:\/\/restaurant-auberge-de-la-gare.fr\/?page_id=206#breadcrumb"},"inLanguage":"fr-FR","potentialAction":[{"@type":"ReadAction","target":["https:\/\/restaurant-auberge-de-la-gare.fr\/?page_id=206"]}]},{"@type":"BreadcrumbList","@id":"https:\/\/restaurant-auberge-de-la-gare.fr\/?page_id=206#breadcrumb","itemListElement":[{"@type":"ListItem","position":1,"name":"Accueil","item":"https:\/\/restaurant-auberge-de-la-gare.fr\/"},{"@type":"ListItem","position":2,"name":"Carte du Soir"}]},{"@type":"WebSite","@id":"https:\/\/restaurant-auberge-de-la-gare.fr\/#website","url":"https:\/\/restaurant-auberge-de-la-gare.fr\/","name":"Restaurant Auberge de la Gare","description":"Restaurant Lambesc","publisher":{"@id":"https:\/\/restaurant-auberge-de-la-gare.fr\/#organization"},"potentialAction":[{"@type":"SearchAction","target":{"@type":"EntryPoint","urlTemplate":"https:\/\/restaurant-auberge-de-la-gare.fr\/?s={search_term_string}"},"query-input":{"@type":"PropertyValueSpecification","valueRequired":true,"valueName":"search_term_string"}}],"inLanguage":"fr-FR"},{"@type":"Organization","@id":"https:\/\/restaurant-auberge-de-la-gare.fr\/#organization","name":"Restaurant Auberge de la Gare","url":"https:\/\/restaurant-auberge-de-la-gare.fr\/","logo":{"@type":"ImageObject","inLanguage":"fr-FR","@id":"https:\/\/restaurant-auberge-de-la-gare.fr\/#\/schema\/logo\/image\/","url":"https:\/\/restaurant-auberge-de-la-gare.fr\/wp-content\/uploads\/2023\/11\/cropped-Logo-Auberge-de-la-Gare.jpg","contentUrl":"https:\/\/restaurant-auberge-de-la-gare.fr\/wp-content\/uploads\/2023\/11\/cropped-Logo-Auberge-de-la-Gare.jpg","width":512,"height":512,"caption":"Restaurant Auberge de la Gare"},"image":{"@id":"https:\/\/restaurant-auberge-de-la-gare.fr\/#\/schema\/logo\/image\/"},"sameAs":["https:\/\/www.facebook.com\/Mattdelagare","https:\/\/www.instagram.com\/restaurant_auberge_de_la_gare\/"]}]}},"_links":{"self":[{"href":"https:\/\/restaurant-auberge-de-la-gare.fr\/index.php?rest_route=\/wp\/v2\/pages\/206"}],"collection":[{"href":"https:\/\/restaurant-auberge-de-la-gare.fr\/index.php?rest_route=\/wp\/v2\/pages"}],"about":[{"href":"https:\/\/restaurant-auberge-de-la-gare.fr\/index.php?rest_route=\/wp\/v2\/types\/page"}],"author":[{"embeddable":true,"href":"https:\/\/restaurant-auberge-de-la-gare.fr\/index.php?rest_route=\/wp\/v2\/users\/1"}],"replies":[{"embeddable":true,"href":"https:\/\/restaurant-auberge-de-la-gare.fr\/index.php?rest_route=%2Fwp%2Fv2%2Fcomments&post=206"}],"version-history":[{"count":18,"href":"https:\/\/restaurant-auberge-de-la-gare.fr\/index.php?rest_route=\/wp\/v2\/pages\/206\/revisions"}],"predecessor-version":[{"id":420,"href":"https:\/\/restaurant-auberge-de-la-gare.fr\/index.php?rest_route=\/wp\/v2\/pages\/206\/revisions\/420"}],"wp:attachment":[{"href":"https:\/\/restaurant-auberge-de-la-gare.fr\/index.php?rest_route=%2Fwp%2Fv2%2Fmedia&parent=206"}],"curies":[{"name":"wp","href":"https:\/\/api.w.org\/{rel}","templated":true}]}}